{"id":275,"date":"2021-11-13T15:01:39","date_gmt":"2021-11-13T14:01:39","guid":{"rendered":"https:\/\/www.tdl-dosiertechnik.de\/services\/consultation-on-site\/"},"modified":"2022-05-17T19:41:46","modified_gmt":"2022-05-17T17:41:46","slug":"consultation-on-site","status":"publish","type":"page","link":"https:\/\/www.tdl-dosiertechnik.de\/en\/services\/consultation-on-site\/","title":{"rendered":"Consultation on site"},"content":{"rendered":"\n<p>Ihre Zufriedenheit ist unser Anspruch. Daher legen wir gr\u00f6\u00dften Wert auf <strong>eine umfassende Betreuung und Beratung<\/strong> unserer Kunden. Ganz gleich, ob Sie Fragen und Problemstellungen zu unseren Anlagen und Stationen in Ihrem Einsatz haben oder ob Sie generell Unterst\u00fctzung bei der Probleml\u00f6sung rund um Ihre Dosieraufgaben ben\u00f6tigen:<br\/><br\/>Rufen Sie uns und beschreiben Sie uns Ihr Anwenderproblem. Falls notwendig kommen <strong>wir zu Ihnen<\/strong> und <strong>beraten Sie deutschlandweit vor Ort<\/strong>. In enger Abstimmung mit Ihnen finden wir die passenden Antworten auf Ihre Fragen und entwickeln die f\u00fcr Sie am besten geeignete L\u00f6sung.<br\/><br\/>Auch, wenn die Dosierl\u00f6sungen f\u00fcr unsere Kunden individuell zugeschnitten sind und damit jedes Mal anders aussehen. Auf eine Konstante k\u00f6nnen Sie sich verlassen:<\/p>\n\n<p>Our cooperation with you always remains the same &#8211; friendly and expert, motivated and solution-oriented, comprehensive and customer-focused, on schedule and cost-conscious &#8211; in other words, professional in all phases.<\/p>\n","protected":false},"excerpt":{"rendered":"<p>Ihre Zufriedenheit ist unser Anspruch. Daher legen wir gr\u00f6\u00dften Wert auf eine umfassende Betreuung und Beratung unserer Kunden. Ganz gleich, ob Sie Fragen und Problemstellungen zu unseren Anlagen und Stationen in Ihrem Einsatz haben oder ob Sie generell Unterst\u00fctzung bei der Probleml\u00f6sung rund um Ihre Dosieraufgaben ben\u00f6tigen: Rufen Sie uns und beschreiben Sie uns Ihr [&hellip;]<\/p>\n","protected":false},"author":1,"featured_media":0,"parent":255,"menu_order":20,"comment_status":"closed","ping_status":"closed","template":"","meta":{"inline_featured_image":false,"footnotes":""},"class_list":["post-275","page","type-page","status-publish","hentry"],"acf":[],"_links":{"self":[{"href":"https:\/\/www.tdl-dosiertechnik.de\/en\/wp-json\/wp\/v2\/pages\/275","targetHints":{"allow":["GET"]}}],"collection":[{"href":"https:\/\/www.tdl-dosiertechnik.de\/en\/wp-json\/wp\/v2\/pages"}],"about":[{"href":"https:\/\/www.tdl-dosiertechnik.de\/en\/wp-json\/wp\/v2\/types\/page"}],"author":[{"embeddable":true,"href":"https:\/\/www.tdl-dosiertechnik.de\/en\/wp-json\/wp\/v2\/users\/1"}],"replies":[{"embeddable":true,"href":"https:\/\/www.tdl-dosiertechnik.de\/en\/wp-json\/wp\/v2\/comments?post=275"}],"version-history":[{"count":4,"href":"https:\/\/www.tdl-dosiertechnik.de\/en\/wp-json\/wp\/v2\/pages\/275\/revisions"}],"predecessor-version":[{"id":1118,"href":"https:\/\/www.tdl-dosiertechnik.de\/en\/wp-json\/wp\/v2\/pages\/275\/revisions\/1118"}],"up":[{"embeddable":true,"href":"https:\/\/www.tdl-dosiertechnik.de\/en\/wp-json\/wp\/v2\/pages\/255"}],"wp:attachment":[{"href":"https:\/\/www.tdl-dosiertechnik.de\/en\/wp-json\/wp\/v2\/media?parent=275"}],"curies":[{"name":"wp","href":"https:\/\/api.w.org\/{rel}","templated":true}]}}