{"id":1023,"date":"2022-03-29T20:10:09","date_gmt":"2022-03-29T18:10:09","guid":{"rendered":"https:\/\/www.tdl-dosiertechnik.de\/a-propos-de-nous\/"},"modified":"2022-05-14T20:38:26","modified_gmt":"2022-05-14T18:38:26","slug":"a-propos-de-nous","status":"publish","type":"page","link":"https:\/\/www.tdl-dosiertechnik.de\/fr\/a-propos-de-nous\/","title":{"rendered":"\u00c0 propos de nous"},"content":{"rendered":"\n<h1 class=\"wp-block-heading\">TDL-Dosiertechnik<\/h1>\n\n<h2 class=\"wp-block-heading\">\u00c0 propos de nous<\/h2>\n<div class=\"wp-bootstrap-blocks-row row\">\n\t\n\n<div class=\"col-12 col-md-8\">\n\t\t\t\n\n<p>Nous sommes pr\u00e9sents sur le march\u00e9 depuis plus de 9 ans en tant que constructeur d&rsquo;installations et nous sommes d\u00e9j\u00e0 bien \u00e9tablis.<\/p>\n\n\n\n<p>Nous sommes fiers que nos installations se trouvent d\u00e9sormais sur tous les continents du monde.<\/p>\n\n\n\n<p>Gr\u00e2ce \u00e0 notre collaboration avec de grands constructeurs d&rsquo;installations renomm\u00e9s en Allemagne, qui font volontiers appel \u00e0 nos connaissances sp\u00e9cialis\u00e9es, nous pouvons, en tant que petite entreprise, acc\u00e9der aux applications les plus diverses.<\/p>\n\n\n\n<p>Notre gamme de produits s&rsquo;\u00e9tend de notre sp\u00e9cialit\u00e9, le traitement des eaux us\u00e9es, \u00e0 la caram\u00e9lisation du riz souffl\u00e9 pour l&rsquo;industrie du chocolat ou au traitement des gaz d&rsquo;\u00e9chappement dans les installations d&rsquo;\u00e9limination des obus toxiques des guerres mondiales. Il n&rsquo;y a pas un seul domaine dans lequel une pompe doseuse ne fonctionne pas quelque part.<\/p>\n\n\n\n<p>Depuis 2021, nous sommes \u00e9galement devenus un distributeur Grundfos et un partenaire de service agr\u00e9\u00e9 pour la technique de dosage.<\/p>\n\n\n\n<p>Avec plus de 1000 m\u00b2, notre nouveau site de production dans la zone industrielle de Birkenfeld Nord, pr\u00e8s de Pforzheim, offre de la place pour plus.<\/p>\n\n\n\n<p>Nous envisageons un avenir passionnant et riche en \u00e9v\u00e9nements.<\/p>\n\n\t<\/div>\n\n\n\n<div class=\"col-12 col-md-4 text-center\">\n\t\t\t\n\n<figure class=\"wp-block-image size-medium\"><a href=\"\/wp-content\/uploads\/2021\/11\/TDL_Profil.pdf\"><img loading=\"lazy\" decoding=\"async\" width=\"220\" height=\"300\" src=\"https:\/\/www.tdl-dosiertechnik.de\/wp-content\/uploads\/2021\/11\/TDL_Profil-cover-220x300.jpg\" alt=\"\" class=\"wp-image-467\" srcset=\"https:\/\/www.tdl-dosiertechnik.de\/wp-content\/uploads\/2021\/11\/TDL_Profil-cover-220x300.jpg 220w, https:\/\/www.tdl-dosiertechnik.de\/wp-content\/uploads\/2021\/11\/TDL_Profil-cover-752x1024.jpg 752w, https:\/\/www.tdl-dosiertechnik.de\/wp-content\/uploads\/2021\/11\/TDL_Profil-cover-768x1046.jpg 768w, https:\/\/www.tdl-dosiertechnik.de\/wp-content\/uploads\/2021\/11\/TDL_Profil-cover.jpg 793w\" sizes=\"auto, (max-width: 220px) 100vw, 220px\" \/><\/a><figcaption>Brochure de l&rsquo;entreprise TDL<br\/>T\u00e9l\u00e9charger le document PDF (3 MB)<\/figcaption><\/figure>\n\n\n<p><\/p>\n\n\t<\/div>\n\n<\/div>\n<div class=\"wp-bootstrap-blocks-row row my-5\">\n\t\n\n<div class=\"col-12 col-md-8\">\n\t\t\t\n\n<h3 class=\"wp-block-heading\">Propri\u00e9taire : Alban Berweiler<\/h3>\n\n\n\n<blockquote class=\"wp-block-quote is-layout-flow wp-block-quote-is-layout-flow\"><p>\u00ab\u00a0J&rsquo;ai consacr\u00e9 presque toute ma vie professionnelle \u00e0 la technique de dosage. En tant qu&rsquo;ing\u00e9nieur dipl\u00f4m\u00e9 en construction m\u00e9canique, j&rsquo;ai travaill\u00e9 pendant plus de 25 ans comme expert technique chez l&rsquo;un des principaux fabricants de pompes et d&rsquo;installations de dosage.<\/p><p>J&rsquo;ai ainsi pu aider un grand nombre d&rsquo;exploitants d&rsquo;installations dans l&rsquo;industrie et dans les usines de production d&rsquo;eau \u00e0 trouver une solution optimale et \u00e0 r\u00e9aliser leurs t\u00e2ches techniques de dosage.<\/p><p>C&rsquo;est avec plaisir que je vous ferai profiter de mes connaissances approfondies et de ma longue exp\u00e9rience en tant que responsable de client\u00e8le et conseiller en technique de dosage.<\/p><p>Je ne peux pas vous pr\u00eater de l&rsquo;argent, mais je peux vous pr\u00eater presque tout\u00a0\u00bb.<\/p><\/blockquote>\n\n\t<\/div>\n\n\n\n<div class=\"col-12 col-md-4\">\n\t\t\t\n\n<figure class=\"wp-block-image size-full mt-5 ms-5\"><img loading=\"lazy\" decoding=\"async\" width=\"190\" height=\"254\" src=\"https:\/\/www.tdl-dosiertechnik.de\/wp-content\/uploads\/2021\/10\/alban-berweiler.png\" alt=\"Alban Berweiler - Propri&#xE9;taire de TDL-Dosiertechnik\" class=\"wp-image-62\"\/><\/figure>\n\t<\/div>\n\n<\/div>\n","protected":false},"excerpt":{"rendered":"<p>TDL-Dosiertechnik \u00c0 propos de nous<\/p>\n","protected":false},"author":1,"featured_media":0,"parent":0,"menu_order":20,"comment_status":"closed","ping_status":"closed","template":"","meta":{"inline_featured_image":false,"footnotes":""},"class_list":["post-1023","page","type-page","status-publish","hentry"],"acf":[],"_links":{"self":[{"href":"https:\/\/www.tdl-dosiertechnik.de\/fr\/wp-json\/wp\/v2\/pages\/1023","targetHints":{"allow":["GET"]}}],"collection":[{"href":"https:\/\/www.tdl-dosiertechnik.de\/fr\/wp-json\/wp\/v2\/pages"}],"about":[{"href":"https:\/\/www.tdl-dosiertechnik.de\/fr\/wp-json\/wp\/v2\/types\/page"}],"author":[{"embeddable":true,"href":"https:\/\/www.tdl-dosiertechnik.de\/fr\/wp-json\/wp\/v2\/users\/1"}],"replies":[{"embeddable":true,"href":"https:\/\/www.tdl-dosiertechnik.de\/fr\/wp-json\/wp\/v2\/comments?post=1023"}],"version-history":[{"count":3,"href":"https:\/\/www.tdl-dosiertechnik.de\/fr\/wp-json\/wp\/v2\/pages\/1023\/revisions"}],"predecessor-version":[{"id":1109,"href":"https:\/\/www.tdl-dosiertechnik.de\/fr\/wp-json\/wp\/v2\/pages\/1023\/revisions\/1109"}],"wp:attachment":[{"href":"https:\/\/www.tdl-dosiertechnik.de\/fr\/wp-json\/wp\/v2\/media?parent=1023"}],"curies":[{"name":"wp","href":"https:\/\/api.w.org\/{rel}","templated":true}]}}