{"id":1025,"date":"2022-03-29T20:21:00","date_gmt":"2022-03-29T18:21:00","guid":{"rendered":"https:\/\/www.tdl-dosiertechnik.de\/assistance-a-la-mise-en-service-et-plus\/"},"modified":"2022-03-29T20:21:00","modified_gmt":"2022-03-29T18:21:00","slug":"assistance-a-la-mise-en-service-et-plus","status":"publish","type":"page","link":"https:\/\/www.tdl-dosiertechnik.de\/fr\/prestations\/assistance-a-la-mise-en-service-et-plus\/","title":{"rendered":"Assistance \u00e0 la mise en service et plus"},"content":{"rendered":"\n<p>Gr\u00e2ce \u00e0 nos conseils et \u00e0 notre soutien lors de l&rsquo;installation et de la mise en service de votre installation sur place, nous pouvons contribuer de mani\u00e8re significative \u00e0 l&rsquo;am\u00e9lioration de vos r\u00e9sultats de dosage. N&rsquo;h\u00e9sitez pas \u00e0 nous contacter.<br\/><br\/>Nous vous facilitons volontiers les d\u00e9marches techniques lorsqu&rsquo;il s&rsquo;agit d&rsquo;int\u00e9grer des <strong>doseurs dans votre processus<\/strong> et de les faire fonctionner avec les r\u00e9glages et les calibrages les mieux adapt\u00e9s.<br\/><br\/>Car chez nous, les crit\u00e8res de qualit\u00e9 \u00e9lev\u00e9s ne s&rsquo;arr\u00eatent pas \u00e0 la fabrication et \u00e0 la livraison de votre installation. Bien au contraire. Nous entendons par l\u00e0 une offre de prestations compl\u00e8te et globale que vous pouvez solliciter \u00e0 tout moment pour le cycle de vie complet de votre solution de dosage.<\/p>\n","protected":false},"excerpt":{"rendered":"<p>Gr\u00e2ce \u00e0 nos conseils et \u00e0 notre soutien lors de l&rsquo;installation et de la mise en service de votre installation sur place, nous pouvons contribuer de mani\u00e8re significative \u00e0 l&rsquo;am\u00e9lioration de vos r\u00e9sultats de dosage. N&rsquo;h\u00e9sitez pas \u00e0 nous contacter. Nous vous facilitons volontiers les d\u00e9marches techniques lorsqu&rsquo;il s&rsquo;agit d&rsquo;int\u00e9grer des doseurs dans votre processus [&hellip;]<\/p>\n","protected":false},"author":1,"featured_media":0,"parent":1029,"menu_order":30,"comment_status":"closed","ping_status":"closed","template":"","meta":{"inline_featured_image":false,"footnotes":""},"class_list":["post-1025","page","type-page","status-publish","hentry"],"acf":[],"_links":{"self":[{"href":"https:\/\/www.tdl-dosiertechnik.de\/fr\/wp-json\/wp\/v2\/pages\/1025","targetHints":{"allow":["GET"]}}],"collection":[{"href":"https:\/\/www.tdl-dosiertechnik.de\/fr\/wp-json\/wp\/v2\/pages"}],"about":[{"href":"https:\/\/www.tdl-dosiertechnik.de\/fr\/wp-json\/wp\/v2\/types\/page"}],"author":[{"embeddable":true,"href":"https:\/\/www.tdl-dosiertechnik.de\/fr\/wp-json\/wp\/v2\/users\/1"}],"replies":[{"embeddable":true,"href":"https:\/\/www.tdl-dosiertechnik.de\/fr\/wp-json\/wp\/v2\/comments?post=1025"}],"version-history":[{"count":1,"href":"https:\/\/www.tdl-dosiertechnik.de\/fr\/wp-json\/wp\/v2\/pages\/1025\/revisions"}],"predecessor-version":[{"id":1026,"href":"https:\/\/www.tdl-dosiertechnik.de\/fr\/wp-json\/wp\/v2\/pages\/1025\/revisions\/1026"}],"up":[{"embeddable":true,"href":"https:\/\/www.tdl-dosiertechnik.de\/fr\/wp-json\/wp\/v2\/pages\/1029"}],"wp:attachment":[{"href":"https:\/\/www.tdl-dosiertechnik.de\/fr\/wp-json\/wp\/v2\/media?parent=1025"}],"curies":[{"name":"wp","href":"https:\/\/api.w.org\/{rel}","templated":true}]}}