{"id":1029,"date":"2022-03-29T20:22:53","date_gmt":"2022-03-29T18:22:53","guid":{"rendered":"https:\/\/www.tdl-dosiertechnik.de\/prestations\/"},"modified":"2022-03-29T20:22:53","modified_gmt":"2022-03-29T18:22:53","slug":"prestations","status":"publish","type":"page","link":"https:\/\/www.tdl-dosiertechnik.de\/fr\/prestations\/","title":{"rendered":"Prestations"},"content":{"rendered":"\n<h1 class=\"wp-block-heading\">Nos services<\/h1>\n\n<p>Nos services techniques et nos solutions en mati\u00e8re de technique de dosage sont tout sauf \u00ab\u00a0pr\u00eats \u00e0 l&#8217;emploi\u00a0\u00bb. Car il en va de m\u00eame pour vos applications dans le traitement de l&rsquo;eau, dans l&rsquo;industrie chimique, dans la technique des proc\u00e9d\u00e9s ou dans l&rsquo;industrie alimentaire. Dans ces domaines, le dosage fait partie des processus les plus importants et des t\u00e2ches principales.<\/p>\n\n<p>Et \u00e0 chaque fois, il s&rsquo;agit d&rsquo;un travail de pr\u00e9cision pour lequel nous nous ferons un plaisir de vous apporter notre soutien professionnel :<\/p>\n<div class=\"wp-bootstrap-blocks-row row mb-lg-5\">\n\t\n\n<div class=\"col-12 col-md-6\">\n\t\t\t\n\n<div class=\"card card--leistungen\">\r\n    <div class=\"card-body\">\r\n        <h5 class=\"card-title\">Consultation sur place.<\/h5>\r\n        <p class=\"card-text\">Nous attachons une grande importance \u00e0 un conseil et un suivi complets lorsqu&rsquo;il s&rsquo;agit de questions et de probl\u00e8mes concernant les stations de dosage<\/p>\r\n        <div class=\"d-grid gap-2 col-6 mx-auto\">\r\n            <a href=\"https:\/\/www.tdl-dosiertechnik.de\/fr\/prestations\/conseil-sur-place\/\" class=\"btn btn-secondary\" title=\"en savoir plus sur les conseils de TDL-Dosiertechnik\">en savoir plus<\/a>\r\n        <\/div>\r\n  <\/div>\r\n<\/div>\r\n\n\t<\/div>\n\n\n\n<div class=\"col-12 col-md-6\">\n\t\t\t\n\n<div class=\"card card--leistungen\">\r\n    <div class=\"card-body\">\r\n        <h5 class=\"card-title\">Planification d&rsquo;installations de dosage<\/h5>\r\n        <p class=\"card-text\">Outre notre offre de construction de stations de dosage pr\u00eates \u00e0 l&#8217;emploi, nous concevons et fabriquons \u00e9galement des installations de dosage sur mesure<\/p>\r\n        <div class=\"d-grid gap-2 col-6 mx-auto\">\r\n            <a href=\"https:\/\/www.tdl-dosiertechnik.de\/fr\/prestations\/planification-dinstallations-de-dosage\/\" class=\"btn btn-secondary\" title=\"en savoir plus sur la planification des installations de dosage\">en savoir plus<\/a>\r\n        <\/div>\r\n  <\/div>\r\n<\/div>\r\n\n\t<\/div>\n\n<\/div>\n<div class=\"wp-bootstrap-blocks-row row mb-5\">\n\t\n\n<div class=\"col-12 col-md-4\">\n\t\t\t\n\n<div class=\"card card--leistungen\">\r\n    <div class=\"card-body\">\r\n        <h5 class=\"card-title\">Assistance \u00e0 la mise en service<\/h5>\r\n        <p class=\"card-text\">Notre travail ne s&rsquo;arr\u00eate pas \u00e0 la livraison de l&rsquo;installation. Nous vous assistons lors de la mise en service de votre installation sur place, ce qui nous permet de contribuer \u00e0 l&rsquo;am\u00e9lioration de vos r\u00e9sultats de dosage.<\/p>\r\n        <div class=\"d-grid gap-2 col-6 mx-auto\">\r\n            <a href=\"https:\/\/www.tdl-dosiertechnik.de\/fr\/prestations\/assistance-a-la-mise-en-service-et-plus\/\" class=\"btn btn-secondary\" title=\"en savoir plus sur le soutien \u00e0 la mise en service\">en savoir plus<\/a>\r\n        <\/div>\r\n  <\/div>\r\n<\/div>\r\n\n\t<\/div>\n\n\n\n<div class=\"col-12 col-md-4\">\n\t\t\t\n\n<div class=\"card card--leistungen\">\r\n    <div class=\"card-body\">\r\n        <h5 class=\"card-title\">Construction de stations de dosage<\/h5>\r\n        <p class=\"card-text\">Gr\u00e2ce \u00e0 la diversit\u00e9 des composants que nous pouvons utiliser, nous sommes toujours en mesure de nous adapter de mani\u00e8re tr\u00e8s flexible \u00e0 vos souhaits sp\u00e9cifiques.<\/p>\r\n        <div class=\"d-grid gap-2 col-6 mx-auto\">\r\n            <a href=\"https:\/\/www.tdl-dosiertechnik.de\/fr\/prestations\/construction-de-stations-de-dosage\/\" class=\"btn btn-secondary\" title=\"en savoir plus sur la construction d'installations de dosage\">en savoir plus<\/a>\r\n        <\/div>\r\n  <\/div>\r\n<\/div>\r\n\n\t<\/div>\n\n\n\n<div class=\"col-12 col-md-4\">\n\t\t\t\n\n<div class=\"card card--leistungen\">\r\n    <div class=\"card-body\">\r\n        <h5 class=\"card-title\">Pompes de fabricants renomm\u00e9s<\/h5>\r\n        <p class=\"card-text\">Lors de la planification et de la r\u00e9alisation de votre station de dosage, nous sommes en mesure d&rsquo;utiliser des pompes adapt\u00e9es de fabricants renomm\u00e9s et certifi\u00e9s.<\/p>\r\n        <div class=\"d-grid gap-2 col-6 mx-auto\">\r\n            <a href=\"https:\/\/www.tdl-dosiertechnik.de\/fr\/prestations\/pompes-de-fabricants-renommes\/\" class=\"btn btn-secondary\" title=\"en savoir plus sur les pompes de fabricants renomm\u00e9s\">en savoir plus<\/a>\r\n        <\/div>\r\n  <\/div>\r\n<\/div>\r\n\n\t<\/div>\n\n<\/div>\n\n<div class=\"wp-block-image\"><figure class=\"aligncenter size-full\"><img loading=\"lazy\" decoding=\"async\" width=\"501\" height=\"142\" src=\"https:\/\/www.tdl-dosiertechnik.de\/wp-content\/uploads\/2021\/11\/dosierstation_zusammenbau.png\" alt=\"\" class=\"wp-image-115\" srcset=\"https:\/\/www.tdl-dosiertechnik.de\/wp-content\/uploads\/2021\/11\/dosierstation_zusammenbau.png 501w, https:\/\/www.tdl-dosiertechnik.de\/wp-content\/uploads\/2021\/11\/dosierstation_zusammenbau-300x85.png 300w\" sizes=\"auto, (max-width: 501px) 100vw, 501px\" \/><figcaption>Assemblage de la station de dosage<\/figcaption><\/figure><\/div>\n","protected":false},"excerpt":{"rendered":"<p>Nos services Nos services techniques et nos solutions en mati\u00e8re de technique de dosage sont tout sauf \u00ab\u00a0pr\u00eats \u00e0 l&#8217;emploi\u00a0\u00bb. Car il en va de m\u00eame pour vos applications dans le traitement de l&rsquo;eau, dans l&rsquo;industrie chimique, dans la technique des proc\u00e9d\u00e9s ou dans l&rsquo;industrie alimentaire. Dans ces domaines, le dosage fait partie des processus [&hellip;]<\/p>\n","protected":false},"author":1,"featured_media":0,"parent":0,"menu_order":30,"comment_status":"closed","ping_status":"closed","template":"","meta":{"inline_featured_image":false,"footnotes":""},"class_list":["post-1029","page","type-page","status-publish","hentry"],"acf":[],"_links":{"self":[{"href":"https:\/\/www.tdl-dosiertechnik.de\/fr\/wp-json\/wp\/v2\/pages\/1029","targetHints":{"allow":["GET"]}}],"collection":[{"href":"https:\/\/www.tdl-dosiertechnik.de\/fr\/wp-json\/wp\/v2\/pages"}],"about":[{"href":"https:\/\/www.tdl-dosiertechnik.de\/fr\/wp-json\/wp\/v2\/types\/page"}],"author":[{"embeddable":true,"href":"https:\/\/www.tdl-dosiertechnik.de\/fr\/wp-json\/wp\/v2\/users\/1"}],"replies":[{"embeddable":true,"href":"https:\/\/www.tdl-dosiertechnik.de\/fr\/wp-json\/wp\/v2\/comments?post=1029"}],"version-history":[{"count":1,"href":"https:\/\/www.tdl-dosiertechnik.de\/fr\/wp-json\/wp\/v2\/pages\/1029\/revisions"}],"predecessor-version":[{"id":1030,"href":"https:\/\/www.tdl-dosiertechnik.de\/fr\/wp-json\/wp\/v2\/pages\/1029\/revisions\/1030"}],"wp:attachment":[{"href":"https:\/\/www.tdl-dosiertechnik.de\/fr\/wp-json\/wp\/v2\/media?parent=1029"}],"curies":[{"name":"wp","href":"https:\/\/api.w.org\/{rel}","templated":true}]}}