{"id":1037,"date":"2022-03-29T20:31:14","date_gmt":"2022-03-29T18:31:14","guid":{"rendered":"https:\/\/www.tdl-dosiertechnik.de\/industrie-alimentaire\/"},"modified":"2022-03-29T20:31:14","modified_gmt":"2022-03-29T18:31:14","slug":"industrie-alimentaire","status":"publish","type":"page","link":"https:\/\/www.tdl-dosiertechnik.de\/fr\/applications\/industrie-alimentaire\/","title":{"rendered":"Industrie alimentaire"},"content":{"rendered":"<div class=\"wp-bootstrap-blocks-row row\">\n\t\n\n<div class=\"col-12 col-md-6\">\n\t\t\t\n\n<p>Lors de la production de denr\u00e9es alimentaires, l&rsquo;hygi\u00e8ne absolue est primordiale pour la protection du consommateur. Dans ce contexte, chaque aliment pose ses propres exigences sensibles au processus de production.&#13;\n&#13;\nPar exemple, dans les laiteries et les fromageries, la protection du r\u00e9seau d&rsquo;eau potable et d&rsquo;eau industrielle contre les biofilms ainsi que la lutte contre la l\u00e9gionellose sont des priorit\u00e9s absolues. En effet, c&rsquo;est l\u00e0 que le risque de r\u00e9infection et de contamination crois\u00e9e des produits est particuli\u00e8rement \u00e9lev\u00e9.&#13;\n&#13;\nL&rsquo;hygi\u00e8ne optimale des produits est \u00e9galement un sujet important dans l&rsquo;industrie alimentaire en g\u00e9n\u00e9ral, qu&rsquo;il s&rsquo;agisse de la culture des mati\u00e8res premi\u00e8res, de la transformation ult\u00e9rieure ou de l&#8217;emballage du produit fini.&#13;\n&#13;\nTDL Dosiertechnik apporte son soutien tout au long de la cha\u00eene de production en proposant des solutions de dosage fiables pour.. :&#13;\n&#13;\nTraduit avec www.DeepL.com\/Translator (version gratuite)<\/p>\n\n\n\n<ul class=\"wp-block-list\"><li>la d\u00e9sinfection des conduites d&rsquo;eau potable et sanitaire<\/li><li>la prophylaxie de la l\u00e9gionellose<\/li><li>le nettoyage des surfaces de contact (NEP)<\/li><li>la d\u00e9sinfection dans le remplissage ou l&#8217;emballage<\/li><\/ul>\n\t<\/div>\n\n\n\n<div class=\"col-12 col-md-6\">\n\t\t\t\n\n<figure class=\"wp-block-image size-full\"><img loading=\"lazy\" decoding=\"async\" width=\"720\" height=\"250\" src=\"https:\/\/www.tdl-dosiertechnik.de\/wp-content\/uploads\/2021\/11\/header5.png\" alt=\"\" class=\"wp-image-246\" srcset=\"https:\/\/www.tdl-dosiertechnik.de\/wp-content\/uploads\/2021\/11\/header5.png 720w, https:\/\/www.tdl-dosiertechnik.de\/wp-content\/uploads\/2021\/11\/header5-300x104.png 300w\" sizes=\"auto, (max-width: 720px) 100vw, 720px\" \/><\/figure>\n\t<\/div>\n\n<\/div>\n","protected":false},"excerpt":{"rendered":"","protected":false},"author":1,"featured_media":0,"parent":1049,"menu_order":40,"comment_status":"closed","ping_status":"closed","template":"","meta":{"inline_featured_image":false,"footnotes":""},"class_list":["post-1037","page","type-page","status-publish","hentry"],"acf":[],"_links":{"self":[{"href":"https:\/\/www.tdl-dosiertechnik.de\/fr\/wp-json\/wp\/v2\/pages\/1037","targetHints":{"allow":["GET"]}}],"collection":[{"href":"https:\/\/www.tdl-dosiertechnik.de\/fr\/wp-json\/wp\/v2\/pages"}],"about":[{"href":"https:\/\/www.tdl-dosiertechnik.de\/fr\/wp-json\/wp\/v2\/types\/page"}],"author":[{"embeddable":true,"href":"https:\/\/www.tdl-dosiertechnik.de\/fr\/wp-json\/wp\/v2\/users\/1"}],"replies":[{"embeddable":true,"href":"https:\/\/www.tdl-dosiertechnik.de\/fr\/wp-json\/wp\/v2\/comments?post=1037"}],"version-history":[{"count":1,"href":"https:\/\/www.tdl-dosiertechnik.de\/fr\/wp-json\/wp\/v2\/pages\/1037\/revisions"}],"predecessor-version":[{"id":1038,"href":"https:\/\/www.tdl-dosiertechnik.de\/fr\/wp-json\/wp\/v2\/pages\/1037\/revisions\/1038"}],"up":[{"embeddable":true,"href":"https:\/\/www.tdl-dosiertechnik.de\/fr\/wp-json\/wp\/v2\/pages\/1049"}],"wp:attachment":[{"href":"https:\/\/www.tdl-dosiertechnik.de\/fr\/wp-json\/wp\/v2\/media?parent=1037"}],"curies":[{"name":"wp","href":"https:\/\/api.w.org\/{rel}","templated":true}]}}