{"id":1039,"date":"2022-03-29T20:32:00","date_gmt":"2022-03-29T18:32:00","guid":{"rendered":"https:\/\/www.tdl-dosiertechnik.de\/industrie-textile\/"},"modified":"2022-03-29T20:32:00","modified_gmt":"2022-03-29T18:32:00","slug":"industrie-textile","status":"publish","type":"page","link":"https:\/\/www.tdl-dosiertechnik.de\/fr\/applications\/industrie-textile\/","title":{"rendered":"Industrie textile"},"content":{"rendered":"\n<p>Dans l&rsquo;industrie textile, la technique de dosage est particuli\u00e8rement utilis\u00e9e dans la blanchisserie textile ou le nettoyage \u00e0 sec. Ici, des produits de blanchiment et de lavage liquides tr\u00e8s diff\u00e9rents ainsi que les auxiliaires de lavage correspondants doivent \u00eatre dos\u00e9s en quantit\u00e9s pr\u00e9cises et au bon moment.&#13;\n&#13;\nL&rsquo;int\u00e9gration d&rsquo;une technique de dosage de haute pr\u00e9cision dans les commandes intelligentes des machines joue ici un r\u00f4le important. Mais une technique de dosage appropri\u00e9e est \u00e9galement indispensable pour le traitement des eaux industrielles et des eaux us\u00e9es.&#13;\n&#13;\nTraduit avec www.DeepL.com\/Translator (version gratuite)<\/p>\n\n<p>Dans ce cas, nous pouvons vous apporter un soutien comp\u00e9tent gr\u00e2ce \u00e0 notre expertise et adapter nos solutions de dosage TDL de mani\u00e8re tout \u00e0 fait individuelle \u00e0 votre processus de production.<\/p>\n","protected":false},"excerpt":{"rendered":"<p>Dans l&rsquo;industrie textile, la technique de dosage est particuli\u00e8rement utilis\u00e9e dans la blanchisserie textile ou le nettoyage \u00e0 sec. Ici, des produits de blanchiment et de lavage liquides tr\u00e8s diff\u00e9rents ainsi que les auxiliaires de lavage correspondants doivent \u00eatre dos\u00e9s en quantit\u00e9s pr\u00e9cises et au bon moment.&#13; &#13; L&rsquo;int\u00e9gration d&rsquo;une technique de dosage de haute [&hellip;]<\/p>\n","protected":false},"author":1,"featured_media":0,"parent":1049,"menu_order":50,"comment_status":"closed","ping_status":"closed","template":"","meta":{"inline_featured_image":false,"footnotes":""},"class_list":["post-1039","page","type-page","status-publish","hentry"],"acf":[],"_links":{"self":[{"href":"https:\/\/www.tdl-dosiertechnik.de\/fr\/wp-json\/wp\/v2\/pages\/1039","targetHints":{"allow":["GET"]}}],"collection":[{"href":"https:\/\/www.tdl-dosiertechnik.de\/fr\/wp-json\/wp\/v2\/pages"}],"about":[{"href":"https:\/\/www.tdl-dosiertechnik.de\/fr\/wp-json\/wp\/v2\/types\/page"}],"author":[{"embeddable":true,"href":"https:\/\/www.tdl-dosiertechnik.de\/fr\/wp-json\/wp\/v2\/users\/1"}],"replies":[{"embeddable":true,"href":"https:\/\/www.tdl-dosiertechnik.de\/fr\/wp-json\/wp\/v2\/comments?post=1039"}],"version-history":[{"count":1,"href":"https:\/\/www.tdl-dosiertechnik.de\/fr\/wp-json\/wp\/v2\/pages\/1039\/revisions"}],"predecessor-version":[{"id":1040,"href":"https:\/\/www.tdl-dosiertechnik.de\/fr\/wp-json\/wp\/v2\/pages\/1039\/revisions\/1040"}],"up":[{"embeddable":true,"href":"https:\/\/www.tdl-dosiertechnik.de\/fr\/wp-json\/wp\/v2\/pages\/1049"}],"wp:attachment":[{"href":"https:\/\/www.tdl-dosiertechnik.de\/fr\/wp-json\/wp\/v2\/media?parent=1039"}],"curies":[{"name":"wp","href":"https:\/\/api.w.org\/{rel}","templated":true}]}}