{"id":1043,"date":"2022-03-29T20:33:54","date_gmt":"2022-03-29T18:33:54","guid":{"rendered":"https:\/\/www.tdl-dosiertechnik.de\/autres-secteurs-et-domaines-dapplication\/"},"modified":"2022-03-29T20:33:54","modified_gmt":"2022-03-29T18:33:54","slug":"autres-secteurs-et-domaines-dapplication","status":"publish","type":"page","link":"https:\/\/www.tdl-dosiertechnik.de\/fr\/applications\/autres-secteurs-et-domaines-dapplication\/","title":{"rendered":"Autres secteurs et domaines d&rsquo;application"},"content":{"rendered":"\n<p>TDL Dosiertechnik est \u00e0 votre service presque partout o\u00f9 des fluides doivent \u00eatre dos\u00e9s.&#13;\nOutre les secteurs d\u00e9crits s\u00e9par\u00e9ment, nos solutions de dosage couvrent d&rsquo;autres domaines d&rsquo;application :<\/p>\n\n<ul class=\"wp-block-list\"><li>Industrie cosm\u00e9tique<\/li><li>Industrie pharmaceutique<\/li><li>Installations de lavage de v\u00e9hicules<\/li><li>\u00c9levage d&rsquo;animaux<\/li><li>et bien d&rsquo;autres choses encore.<\/li><\/ul>\n<p>M\u00eame si votre segment industriel ou votre domaine d&rsquo;application n&rsquo;est pas mentionn\u00e9 ici, n&rsquo;h\u00e9sitez pas \u00e0 nous contacter.&#13;\nNous pouvons certainement vous aider gr\u00e2ce \u00e0 notre offre de services diversifi\u00e9e.<\/p>\n","protected":false},"excerpt":{"rendered":"<p>TDL Dosiertechnik est \u00e0 votre service presque partout o\u00f9 des fluides doivent \u00eatre dos\u00e9s.&#13; Outre les secteurs d\u00e9crits s\u00e9par\u00e9ment, nos solutions de dosage couvrent d&rsquo;autres domaines d&rsquo;application : Industrie cosm\u00e9tique Industrie pharmaceutique Installations de lavage de v\u00e9hicules \u00c9levage d&rsquo;animaux et bien d&rsquo;autres choses encore. M\u00eame si votre segment industriel ou votre domaine d&rsquo;application n&rsquo;est pas [&hellip;]<\/p>\n","protected":false},"author":1,"featured_media":0,"parent":1049,"menu_order":100,"comment_status":"closed","ping_status":"closed","template":"","meta":{"inline_featured_image":false,"footnotes":""},"class_list":["post-1043","page","type-page","status-publish","hentry"],"acf":[],"_links":{"self":[{"href":"https:\/\/www.tdl-dosiertechnik.de\/fr\/wp-json\/wp\/v2\/pages\/1043","targetHints":{"allow":["GET"]}}],"collection":[{"href":"https:\/\/www.tdl-dosiertechnik.de\/fr\/wp-json\/wp\/v2\/pages"}],"about":[{"href":"https:\/\/www.tdl-dosiertechnik.de\/fr\/wp-json\/wp\/v2\/types\/page"}],"author":[{"embeddable":true,"href":"https:\/\/www.tdl-dosiertechnik.de\/fr\/wp-json\/wp\/v2\/users\/1"}],"replies":[{"embeddable":true,"href":"https:\/\/www.tdl-dosiertechnik.de\/fr\/wp-json\/wp\/v2\/comments?post=1043"}],"version-history":[{"count":1,"href":"https:\/\/www.tdl-dosiertechnik.de\/fr\/wp-json\/wp\/v2\/pages\/1043\/revisions"}],"predecessor-version":[{"id":1044,"href":"https:\/\/www.tdl-dosiertechnik.de\/fr\/wp-json\/wp\/v2\/pages\/1043\/revisions\/1044"}],"up":[{"embeddable":true,"href":"https:\/\/www.tdl-dosiertechnik.de\/fr\/wp-json\/wp\/v2\/pages\/1049"}],"wp:attachment":[{"href":"https:\/\/www.tdl-dosiertechnik.de\/fr\/wp-json\/wp\/v2\/media?parent=1043"}],"curies":[{"name":"wp","href":"https:\/\/api.w.org\/{rel}","templated":true}]}}