{"id":1045,"date":"2022-03-29T20:35:56","date_gmt":"2022-03-29T18:35:56","guid":{"rendered":"https:\/\/www.tdl-dosiertechnik.de\/representation-distribution\/"},"modified":"2022-05-19T21:01:12","modified_gmt":"2022-05-19T19:01:12","slug":"representation-distribution","status":"publish","type":"page","link":"https:\/\/www.tdl-dosiertechnik.de\/fr\/representation-distribution\/","title":{"rendered":"Repr\u00e9sentation &#038; distribution"},"content":{"rendered":"\n<p>Outre la production propre de stations de dosage compl\u00e8tes selon vos souhaits individuels,&#13;\nnous avons pris en charge la repr\u00e9sentation officielle des fabricants et fournisseurs suivants pour une s\u00e9lection de pompes et de composants :<\/p>\n<div class=\"wp-bootstrap-blocks-row row my-5 gy-5\">\n\t\n\n<div class=\"col-12 col-md-4\">\n\t\t\t\n\n<figure class=\"wp-block-image size-medium text-center distribution-img\"><img decoding=\"async\" src=\"https:\/\/www.tdl-dosiertechnik.de\/wp-content\/uploads\/2021\/11\/pan-world-logo-300x78.png\" alt=\"\" class=\"wp-image-69\"\/><\/figure>\n\n\n<h3 class=\"wp-block-heading\">Pan World Co. Ltd.<\/h3>\n\n\n\n<p>Pour le fabricant de pompes japonais Pan World Co. Ltd., TDL-Dosiertechnik propose des pompes centrifuges magn\u00e9tiques dans toute l&rsquo;Allemagne.<\/p>\n\n\t<\/div>\n\n\n\n<div class=\"col-12 col-md-4\">\n\t\t\t\n\n<figure class=\"wp-block-image size-full text-center distribution-img\"><img loading=\"lazy\" decoding=\"async\" width=\"152\" height=\"152\" src=\"https:\/\/www.tdl-dosiertechnik.de\/wp-content\/uploads\/2021\/11\/stockage-systems-logo.png\" alt=\"Stockage &amp; Systems\" class=\"wp-image-81\" srcset=\"https:\/\/www.tdl-dosiertechnik.de\/wp-content\/uploads\/2021\/11\/stockage-systems-logo.png 152w, https:\/\/www.tdl-dosiertechnik.de\/wp-content\/uploads\/2021\/11\/stockage-systems-logo-150x150.png 150w\" sizes=\"auto, (max-width: 152px) 100vw, 152px\" \/><\/figure>\n\n\n<h3 class=\"wp-block-heading\"> Stockage &amp; Syst\u00e8mes<\/h3>\n\n\n\n<p>Stockage &amp; Syst\u00e8mes est l&rsquo;expert en solutions et applications dans le domaine de la chimie<\/p>\n\n\t<\/div>\n\n\n\n<div class=\"col-12 col-md-4\">\n\t\t\t\n\n<figure class=\"wp-block-image size-medium text-center distribution-img\"><img loading=\"lazy\" decoding=\"async\" width=\"300\" height=\"155\" src=\"https:\/\/www.tdl-dosiertechnik.de\/wp-content\/uploads\/2021\/11\/grundfos_authorised-service-partner_panel_screen_de-300x155.jpg\" alt=\"Partenaire de service agr&#xE9;&#xE9; Grundfos\" class=\"wp-image-84\" srcset=\"https:\/\/www.tdl-dosiertechnik.de\/wp-content\/uploads\/2021\/11\/grundfos_authorised-service-partner_panel_screen_de-300x155.jpg 300w, https:\/\/www.tdl-dosiertechnik.de\/wp-content\/uploads\/2021\/11\/grundfos_authorised-service-partner_panel_screen_de.jpg 591w\" sizes=\"auto, (max-width: 300px) 100vw, 300px\" \/><\/figure>\n\n\n<h3 class=\"wp-block-heading\">Grundfos<\/h3>\n\n\n\n<p>Grundfos dispose d&rsquo;une large gamme de produits pour les pompes, les installations de d\u00e9sinfection, les agitateurs et les syst\u00e8mes de contr\u00f4le.<\/p>\n\n\t<\/div>\n\n<\/div>\n\n<hr class=\"wp-block-separator is-style-wide\"\/>\n<div class=\"wp-bootstrap-blocks-row row my-5\">\n\t\n\n<div class=\"col-12 col-md-8\">\n\t\t\t\n\n<h2 class=\"wp-block-heading\">KWERKY technique de l&rsquo;eau<\/h2>\n\n\n\n<p> Avec notre propre boutique en ligne \u00ab\u00a0KWERKY Wassertechnik\u00a0\u00bb, nous proposons les composants les plus divers pour les syst\u00e8mes de canalisations : tuyaux, raccords et vannes d&rsquo;arr\u00eat, ainsi que des pompes et des techniques de mesure et de r\u00e9gulation. <\/p>\n\n\t<\/div>\n\n\n\n<div class=\"col-12 col-md-4\">\n\t\t\t\n\n<figure class=\"wp-block-image size-large mt-3\"><a href=\"https:\/\/\/kwerky.de\/\"><img loading=\"lazy\" decoding=\"async\" width=\"356\" height=\"80\" src=\"https:\/\/www.tdl-dosiertechnik.de\/wp-content\/uploads\/\/2021\/11\/kwerky-wassertechnik-logo.svg\" alt=\"\" class=\"wp-image-398\" title=\"KWERKY technique de l'eau\"\/><\/a><\/figure>\n\t<\/div>\n\n<\/div>\n","protected":false},"excerpt":{"rendered":"<p>Outre la production propre de stations de dosage compl\u00e8tes selon vos souhaits individuels,&#13; nous avons pris en charge la repr\u00e9sentation officielle des fabricants et fournisseurs suivants pour une s\u00e9lection de pompes et de composants :<\/p>\n","protected":false},"author":1,"featured_media":0,"parent":0,"menu_order":100,"comment_status":"closed","ping_status":"closed","template":"","meta":{"inline_featured_image":false,"footnotes":""},"class_list":["post-1045","page","type-page","status-publish","hentry"],"acf":[],"_links":{"self":[{"href":"https:\/\/www.tdl-dosiertechnik.de\/fr\/wp-json\/wp\/v2\/pages\/1045","targetHints":{"allow":["GET"]}}],"collection":[{"href":"https:\/\/www.tdl-dosiertechnik.de\/fr\/wp-json\/wp\/v2\/pages"}],"about":[{"href":"https:\/\/www.tdl-dosiertechnik.de\/fr\/wp-json\/wp\/v2\/types\/page"}],"author":[{"embeddable":true,"href":"https:\/\/www.tdl-dosiertechnik.de\/fr\/wp-json\/wp\/v2\/users\/1"}],"replies":[{"embeddable":true,"href":"https:\/\/www.tdl-dosiertechnik.de\/fr\/wp-json\/wp\/v2\/comments?post=1045"}],"version-history":[{"count":3,"href":"https:\/\/www.tdl-dosiertechnik.de\/fr\/wp-json\/wp\/v2\/pages\/1045\/revisions"}],"predecessor-version":[{"id":1145,"href":"https:\/\/www.tdl-dosiertechnik.de\/fr\/wp-json\/wp\/v2\/pages\/1045\/revisions\/1145"}],"wp:attachment":[{"href":"https:\/\/www.tdl-dosiertechnik.de\/fr\/wp-json\/wp\/v2\/media?parent=1045"}],"curies":[{"name":"wp","href":"https:\/\/api.w.org\/{rel}","templated":true}]}}