{"id":1049,"date":"2022-03-29T20:40:50","date_gmt":"2022-03-29T18:40:50","guid":{"rendered":"https:\/\/www.tdl-dosiertechnik.de\/applications\/"},"modified":"2022-03-29T20:40:51","modified_gmt":"2022-03-29T18:40:51","slug":"applications","status":"publish","type":"page","link":"https:\/\/www.tdl-dosiertechnik.de\/fr\/applications\/","title":{"rendered":"Applications"},"content":{"rendered":"\n<h1 class=\"wp-block-heading\">Domaines d&rsquo;application des solutions de dosage<\/h1>\n\n<p>Leurs domaines d&rsquo;application sont aussi vari\u00e9s que nos solutions de dosage sont polyvalentes. En effet, chaque secteur a ses exigences particuli\u00e8res, auxquelles nous nous adaptons sans cesse.<\/p>\n\n<p><strong>Voici une s\u00e9lection de secteurs et de domaines d&rsquo;application pour nos solutions de dosage:<\/strong>.<\/p>\n\n<ul class=\"wp-block-list\"><li><a href=\"https:\/\/www.tdl-dosiertechnik.de\/fr\/applications\/industrie-chimique\/\" data-type=\"URL\" data-id=\"\/fr\/industrie-chimique\/\">Industrie chimique<\/a><\/li><li><a href=\"https:\/\/www.tdl-dosiertechnik.de\/fr\/applications\/industrie-du-papier-et-de-la-cellulose\/\" data-type=\"URL\" data-id=\"\/fr\/industrie-du-papier-et-de-la-cellulose\/\">Industrie du papier et de la cellulose<\/a><\/li><li>&lt;a href=\u00a0\u00bb\/fr\/industrie-des-boissons\/\u00a0\u00bb data-type=\u00a0\u00bbURL\u00a0\u00bb data-id=\u00a0\u00bb\/fr\/industrie-des-boissons\/\u00a0\u00bb&gt;Industrie des boissons&lt;\/a&gt;<\/li><li>&lt;a href=\u00a0\u00bb\/fr\/industrie-alimentaire\/\u00a0\u00bb data-type=\u00a0\u00bbURL\u00a0\u00bb data-id=\u00a0\u00bb\/fr\/industrie-alimentaire\/\u00a0\u00bb&gt;Industrie alimentaire&lt;\/a&gt;<\/li><li><a href=\"https:\/\/www.tdl-dosiertechnik.de\/fr\/applications\/industrie-textile\/\" data-type=\"URL\" data-id=\"\/fr\/industrie-textile\/\">Industrie textile<\/a><\/li><li><a href=\"https:\/\/www.tdl-dosiertechnik.de\/fr\/applications\/traitement-de-leau-et-des-eaux-usees\/\" data-type=\"URL\" data-id=\"\/fr\/traitement-de-leau-et-des-eaux-usees\/\">Traitement de l&rsquo;eau et des eaux us\u00e9es<\/a><\/li><li><a href=\"https:\/\/www.tdl-dosiertechnik.de\/fr\/applications\/autres-secteurs-et-domaines-dapplication\/\" data-type=\"URL\" data-id=\"\/fr\/autres-secteurs-et-domaines-dapplication\/\">Autres secteurs et domaines d&rsquo;application<\/a><\/li><\/ul>\n<p><\/p>\n","protected":false},"excerpt":{"rendered":"<p>Domaines d&rsquo;application des solutions de dosage Leurs domaines d&rsquo;application sont aussi vari\u00e9s que nos solutions de dosage sont polyvalentes. En effet, chaque secteur a ses exigences particuli\u00e8res, auxquelles nous nous adaptons sans cesse. Voici une s\u00e9lection de secteurs et de domaines d&rsquo;application pour nos solutions de dosage:. Industrie chimique Industrie du papier et de la [&hellip;]<\/p>\n","protected":false},"author":1,"featured_media":0,"parent":0,"menu_order":40,"comment_status":"closed","ping_status":"closed","template":"","meta":{"inline_featured_image":false,"footnotes":""},"class_list":["post-1049","page","type-page","status-publish","hentry"],"acf":[],"_links":{"self":[{"href":"https:\/\/www.tdl-dosiertechnik.de\/fr\/wp-json\/wp\/v2\/pages\/1049","targetHints":{"allow":["GET"]}}],"collection":[{"href":"https:\/\/www.tdl-dosiertechnik.de\/fr\/wp-json\/wp\/v2\/pages"}],"about":[{"href":"https:\/\/www.tdl-dosiertechnik.de\/fr\/wp-json\/wp\/v2\/types\/page"}],"author":[{"embeddable":true,"href":"https:\/\/www.tdl-dosiertechnik.de\/fr\/wp-json\/wp\/v2\/users\/1"}],"replies":[{"embeddable":true,"href":"https:\/\/www.tdl-dosiertechnik.de\/fr\/wp-json\/wp\/v2\/comments?post=1049"}],"version-history":[{"count":1,"href":"https:\/\/www.tdl-dosiertechnik.de\/fr\/wp-json\/wp\/v2\/pages\/1049\/revisions"}],"predecessor-version":[{"id":1050,"href":"https:\/\/www.tdl-dosiertechnik.de\/fr\/wp-json\/wp\/v2\/pages\/1049\/revisions\/1050"}],"wp:attachment":[{"href":"https:\/\/www.tdl-dosiertechnik.de\/fr\/wp-json\/wp\/v2\/media?parent=1049"}],"curies":[{"name":"wp","href":"https:\/\/api.w.org\/{rel}","templated":true}]}}