{"id":1051,"date":"2022-03-29T20:44:07","date_gmt":"2022-03-29T18:44:07","guid":{"rendered":"https:\/\/www.tdl-dosiertechnik.de\/telechargements\/"},"modified":"2022-03-29T20:44:07","modified_gmt":"2022-03-29T18:44:07","slug":"telechargements","status":"publish","type":"page","link":"https:\/\/www.tdl-dosiertechnik.de\/fr\/telechargements\/","title":{"rendered":"T\u00e9l\u00e9chargements"},"content":{"rendered":"\n<p>Sur notre page de t\u00e9l\u00e9chargement, diff\u00e9rents documents sont \u00e0 votre disposition pour \u00eatre t\u00e9l\u00e9charg\u00e9s. Les documents sont disponibles au format PDF. Pour les ouvrir, vous avez besoin d&rsquo;un lecteur de PDF, par exemple Adobe Acrobat Reader, disponible gratuitement.<\/p>\n<div class=\"wp-bootstrap-blocks-row row gy-5\">\n\t\n\n<div class=\"col-12 col-md-4\">\n\t\t\t\n\n<div class=\"card\">\r\n  <img decoding=\"async\" src=\"https:\/\/www.tdl-dosiertechnik.de\/wp-content\/uploads\/2021\/11\/TDL_Profil-cover.jpg\" class=\"card-img-top\" alt=\"TDL-Dosiertechnik Profil de la soci\u00e9t\u00e9 Cover\"\/><div class=\"card-body\">\r\n    <h5 class=\"card-title\">Brochure de l&rsquo;entreprise<\/h5>\r\n    <p class=\"card-text\">Vous trouverez ici en un coup d&rsquo;\u0153il tout ce qu&rsquo;il faut savoir sur l&rsquo;entreprise TDL-Dosiertechnik, notre savoir-faire, notre gamme de prestations et nos domaines d&rsquo;application.<\/p>\r\n    <div class=\"text-center\"><a href=\"\/?smd_process_download=1&#038;download_id=479\" class=\"btn btn-primary\">T\u00e9l\u00e9chargement<\/a><\/div>\r\n  <\/div>\r\n<\/div>\r\n\n\t<\/div>\n\n\n\n<div class=\"col-12 col-md-4\">\n\t\t\t\n\n<div class=\"card\">\r\n  <img decoding=\"async\" src=\"https:\/\/www.tdl-dosiertechnik.de\/wp-content\/uploads\/2021\/11\/Dekontaminationserklaerung.jpg\" class=\"card-img-top\" alt=\"TDL-Dosiertechnik Dekontaminationserklaerung Cover\"\/><div class=\"card-body\">\r\n    <h5 class=\"card-title\">D\u00e9claration de d\u00e9contamination<\/h5>\r\n    <p class=\"card-text\">En raison des prescriptions l\u00e9gales et pour prot\u00e9ger nos collaborateurs et les installations de l&rsquo;entreprise, nous avons besoin de la \u00ab\u00a0d\u00e9claration de d\u00e9contamination\u00a0\u00bb sign\u00e9e par vos soins avant de pouvoir traiter votre commande.<\/p>\r\n    <div class=\"text-center\"><a href=\"https:\/\/www.tdl-dosiertechnik.de\/?smd_process_download=1&#038;download_id=495\" class=\"btn btn-primary\">T\u00e9l\u00e9chargement<\/a><\/div>\r\n  <\/div>\r\n<\/div>\r\n\n\t<\/div>\n\n\n\n<div class=\"col-12 col-md-4\">\n\t\t\t\n\n<div class=\"card\">\r\n  <img decoding=\"async\" src=\"https:\/\/www.tdl-dosiertechnik.de\/wp-content\/uploads\/2021\/11\/AGB-TDL-Dosiertechnik-cover.jpg\" class=\"card-img-top\" alt=\"TDL-Dosiertechnik D\u00e9claration de d\u00e9contamination Cover\"\/><div class=\"card-body\">\r\n    <h5 class=\"card-title\">CONDITIONS G\u00c9N\u00c9RALES DE VENTE<\/h5>\r\n    <p class=\"card-text\">Vous trouverez ici nos conditions g\u00e9n\u00e9rales de vente et de livraison.<\/p>\r\n    <div class=\"text-center\"><a href=\"https:\/\/www.tdl-dosiertechnik.de\/?smd_process_download=1&#038;download_id=506\" class=\"btn btn-primary\">T\u00e9l\u00e9chargement<\/a><\/div>\r\n  <\/div>\r\n<\/div>\r\n\n\t<\/div>\n\n<\/div>\n\n<hr class=\"wp-block-separator is-style-wide px-5\"\/>\n<div class=\"wp-bootstrap-blocks-row row gy-5\">\n\t\n\n<div class=\"col-12 col-md-4\">\n\t\t\t\n\n<div class=\"card\">\r\n  <img decoding=\"async\" src=\"https:\/\/www.tdl-dosiertechnik.de\/wp-content\/uploads\/2021\/11\/2018-whg-zertifikat-tdl-dosiertechnik.jpg\" class=\"card-img-top\" alt=\"Certificat WHG 2018 de TDL-Dosiertechnik\"\/><div class=\"card-body\">\r\n    <h5 class=\"card-title\">Certificat WHG<\/h5>\r\n    <p class=\"card-text\">est une entreprise sp\u00e9cialis\u00e9e selon WHG pour les installations de stockage, de remplissage, de transvasement et de fabrication, de traitement et d&rsquo;utilisation de substances dangereuses pour l&rsquo;eau.<\/p>\r\n    <div class=\"text-center\"><a href=\"https:\/\/www.tdl-dosiertechnik.de\/?smd_process_download=1&#038;download_id=527\" class=\"btn btn-primary\">T\u00e9l\u00e9chargement<\/a><\/div>\r\n  <\/div>\r\n<\/div>\r\n\n\t<\/div>\n\n\n\n<div class=\"col-12 col-md-4\">\n\t\t\t\t<\/div>\n\n\n\n<div class=\"col-12 col-md-4\">\n\t\t\t\t<\/div>\n\n<\/div>\n\n<p><\/p>\n","protected":false},"excerpt":{"rendered":"<p>Sur notre page de t\u00e9l\u00e9chargement, diff\u00e9rents documents sont \u00e0 votre disposition pour \u00eatre t\u00e9l\u00e9charg\u00e9s. Les documents sont disponibles au format PDF. Pour les ouvrir, vous avez besoin d&rsquo;un lecteur de PDF, par exemple Adobe Acrobat Reader, disponible gratuitement.<\/p>\n","protected":false},"author":1,"featured_media":0,"parent":0,"menu_order":0,"comment_status":"closed","ping_status":"closed","template":"","meta":{"inline_featured_image":false,"footnotes":""},"class_list":["post-1051","page","type-page","status-publish","hentry"],"acf":[],"_links":{"self":[{"href":"https:\/\/www.tdl-dosiertechnik.de\/fr\/wp-json\/wp\/v2\/pages\/1051","targetHints":{"allow":["GET"]}}],"collection":[{"href":"https:\/\/www.tdl-dosiertechnik.de\/fr\/wp-json\/wp\/v2\/pages"}],"about":[{"href":"https:\/\/www.tdl-dosiertechnik.de\/fr\/wp-json\/wp\/v2\/types\/page"}],"author":[{"embeddable":true,"href":"https:\/\/www.tdl-dosiertechnik.de\/fr\/wp-json\/wp\/v2\/users\/1"}],"replies":[{"embeddable":true,"href":"https:\/\/www.tdl-dosiertechnik.de\/fr\/wp-json\/wp\/v2\/comments?post=1051"}],"version-history":[{"count":1,"href":"https:\/\/www.tdl-dosiertechnik.de\/fr\/wp-json\/wp\/v2\/pages\/1051\/revisions"}],"predecessor-version":[{"id":1052,"href":"https:\/\/www.tdl-dosiertechnik.de\/fr\/wp-json\/wp\/v2\/pages\/1051\/revisions\/1052"}],"wp:attachment":[{"href":"https:\/\/www.tdl-dosiertechnik.de\/fr\/wp-json\/wp\/v2\/media?parent=1051"}],"curies":[{"name":"wp","href":"https:\/\/api.w.org\/{rel}","templated":true}]}}