{"id":251,"date":"2021-11-13T11:06:49","date_gmt":"2021-11-13T10:06:49","guid":{"rendered":"https:\/\/www.tdl-dosiertechnik.de\/accueil\/"},"modified":"2022-05-19T21:13:54","modified_gmt":"2022-05-19T19:13:54","slug":"accueil","status":"publish","type":"page","link":"https:\/\/www.tdl-dosiertechnik.de\/fr\/","title":{"rendered":"Accueil"},"content":{"rendered":"<h1>Bienvenue \u00e0 TDL Dosiertechnik<\/h1>\n<p>Nous offrons des services techniques complets autour de la technologie de dosage <\/p>\n<hr>\n<div class=\"row\">\n<div class=\"col\">\n<h3>Des solutions pour de nombreuses industries<\/h3>\n<ul>\n<li>Industrie alimentaire<\/li>\n<li>Industrie des boissons<\/li>\n<li>Industrie chimique et pharmaceutique<\/li>\n<li>Industrie textile<\/li>\n<li>Industrie du papier<\/li>\n<li>Traitement des eaux us\u00e9es<\/li>\n<li>Installations de lavage de voitures<\/li>\n<li>De nombreux autres domaines d&rsquo;application<\/li>\n<\/ul><\/div>\n<div class=\"col\">\n<h3>Des plantes selon vos souhaits<\/h3>\n<ul>\n<li>Petites stations compactes avec une seule pompe<\/li>\n<li>Stations modulaires avec pompes multiples<\/li>\n<li>Stations de conteneurs, avec et sans agitateur<\/li>\n<li>Grands syst\u00e8mes avec pompes &gt; 1000 l\/h<\/li>\n<li>Aides \u00e0 l&rsquo;aspiration et dispositifs de jaugeage<\/li>\n<li>Stations mobiles dans la valise ou sur le chariot<\/li>\n<li>Tubes en acier inoxydable pour une utilisation conforme \u00e0 la norme ATEX<\/li>\n<li>Interfaces pr\u00e9fabriqu\u00e9es, test\u00e9es et coordonn\u00e9es.<\/li>\n<\/ul><\/div>\n<\/div>\n","protected":false},"excerpt":{"rendered":"<p>Bienvenue \u00e0 TDL Dosiertechnik Nous offrons des services techniques complets autour de la technologie de dosage Des solutions pour de nombreuses industries Industrie alimentaire Industrie des boissons Industrie chimique et pharmaceutique Industrie textile Industrie du papier Traitement des eaux us\u00e9es Installations de lavage de voitures De nombreux autres domaines d&rsquo;application Des plantes selon vos souhaits [&hellip;]<\/p>\n","protected":false},"author":1,"featured_media":0,"parent":0,"menu_order":1,"comment_status":"closed","ping_status":"closed","template":"","meta":{"inline_featured_image":false,"footnotes":""},"class_list":["post-251","page","type-page","status-publish","hentry"],"acf":[],"_links":{"self":[{"href":"https:\/\/www.tdl-dosiertechnik.de\/fr\/wp-json\/wp\/v2\/pages\/251","targetHints":{"allow":["GET"]}}],"collection":[{"href":"https:\/\/www.tdl-dosiertechnik.de\/fr\/wp-json\/wp\/v2\/pages"}],"about":[{"href":"https:\/\/www.tdl-dosiertechnik.de\/fr\/wp-json\/wp\/v2\/types\/page"}],"author":[{"embeddable":true,"href":"https:\/\/www.tdl-dosiertechnik.de\/fr\/wp-json\/wp\/v2\/users\/1"}],"replies":[{"embeddable":true,"href":"https:\/\/www.tdl-dosiertechnik.de\/fr\/wp-json\/wp\/v2\/comments?post=251"}],"version-history":[{"count":1,"href":"https:\/\/www.tdl-dosiertechnik.de\/fr\/wp-json\/wp\/v2\/pages\/251\/revisions"}],"predecessor-version":[{"id":253,"href":"https:\/\/www.tdl-dosiertechnik.de\/fr\/wp-json\/wp\/v2\/pages\/251\/revisions\/253"}],"wp:attachment":[{"href":"https:\/\/www.tdl-dosiertechnik.de\/fr\/wp-json\/wp\/v2\/media?parent=251"}],"curies":[{"name":"wp","href":"https:\/\/api.w.org\/{rel}","templated":true}]}}