{"id":790,"date":"2022-01-30T17:34:23","date_gmt":"2022-01-30T16:34:23","guid":{"rendered":"https:\/\/www.tdl-dosiertechnik.de\/conseil-sur-place\/"},"modified":"2022-05-17T19:42:14","modified_gmt":"2022-05-17T17:42:14","slug":"conseil-sur-place","status":"publish","type":"page","link":"https:\/\/www.tdl-dosiertechnik.de\/fr\/prestations\/conseil-sur-place\/","title":{"rendered":"Conseil sur place"},"content":{"rendered":"\n<p>Votre satisfaction est notre exigence. C&rsquo;est pourquoi nous accordons une grande importance \u00e0 <strong>un suivi et un conseil complets<\/strong> de nos clients. Que vous ayez des questions ou des probl\u00e8mes concernant nos installations et nos stations dans votre utilisation ou que vous ayez besoin d&rsquo;une aide g\u00e9n\u00e9rale pour r\u00e9soudre vos probl\u00e8mes de dosage:<br\/><br\/>Appelez-nous et d\u00e9crivez-nous votre probl\u00e8me d&rsquo;utilisateur. Si n\u00e9cessaire, nous nous rendons chez vous et vous conseillons sur place dans toute l&rsquo;Allemagne. En \u00e9troite collaboration avec vous, nous trouvons les r\u00e9ponses appropri\u00e9es \u00e0 vos questions et d\u00e9veloppons la solution la plus adapt\u00e9e \u00e0 vos besoins.<br\/><br\/>M\u00eame si les solutions de dosage sont personnalis\u00e9es pour nos clients et donc diff\u00e9rentes \u00e0 chaque fois. Vous pouvez compter sur une constante:<\/p>\n\n<p>Notre collaboration avec vous reste toujours la m\u00eame : aimable et comp\u00e9tente, motiv\u00e9e et orient\u00e9e vers les solutions, compl\u00e8te et ax\u00e9e sur le client, respectueuse des d\u00e9lais et des co\u00fbts &#8211; autrement dit, professionnelle \u00e0 toutes les \u00e9tapes.<\/p>\n","protected":false},"excerpt":{"rendered":"<p>Votre satisfaction est notre exigence. C&rsquo;est pourquoi nous accordons une grande importance \u00e0 un suivi et un conseil complets de nos clients. Que vous ayez des questions ou des probl\u00e8mes concernant nos installations et nos stations dans votre utilisation ou que vous ayez besoin d&rsquo;une aide g\u00e9n\u00e9rale pour r\u00e9soudre vos probl\u00e8mes de dosage: Appelez-nous et [&hellip;]<\/p>\n","protected":false},"author":1,"featured_media":0,"parent":1029,"menu_order":20,"comment_status":"closed","ping_status":"closed","template":"","meta":{"inline_featured_image":false,"footnotes":""},"class_list":["post-790","page","type-page","status-publish","hentry"],"acf":[],"_links":{"self":[{"href":"https:\/\/www.tdl-dosiertechnik.de\/fr\/wp-json\/wp\/v2\/pages\/790","targetHints":{"allow":["GET"]}}],"collection":[{"href":"https:\/\/www.tdl-dosiertechnik.de\/fr\/wp-json\/wp\/v2\/pages"}],"about":[{"href":"https:\/\/www.tdl-dosiertechnik.de\/fr\/wp-json\/wp\/v2\/types\/page"}],"author":[{"embeddable":true,"href":"https:\/\/www.tdl-dosiertechnik.de\/fr\/wp-json\/wp\/v2\/users\/1"}],"replies":[{"embeddable":true,"href":"https:\/\/www.tdl-dosiertechnik.de\/fr\/wp-json\/wp\/v2\/comments?post=790"}],"version-history":[{"count":3,"href":"https:\/\/www.tdl-dosiertechnik.de\/fr\/wp-json\/wp\/v2\/pages\/790\/revisions"}],"predecessor-version":[{"id":1119,"href":"https:\/\/www.tdl-dosiertechnik.de\/fr\/wp-json\/wp\/v2\/pages\/790\/revisions\/1119"}],"up":[{"embeddable":true,"href":"https:\/\/www.tdl-dosiertechnik.de\/fr\/wp-json\/wp\/v2\/pages\/1029"}],"wp:attachment":[{"href":"https:\/\/www.tdl-dosiertechnik.de\/fr\/wp-json\/wp\/v2\/media?parent=790"}],"curies":[{"name":"wp","href":"https:\/\/api.w.org\/{rel}","templated":true}]}}