{"id":792,"date":"2022-01-30T17:36:32","date_gmt":"2022-01-30T16:36:32","guid":{"rendered":"https:\/\/www.tdl-dosiertechnik.de\/construction-de-stations-de-dosage\/"},"modified":"2022-01-30T17:36:32","modified_gmt":"2022-01-30T16:36:32","slug":"construction-de-stations-de-dosage","status":"publish","type":"page","link":"https:\/\/www.tdl-dosiertechnik.de\/fr\/prestations\/construction-de-stations-de-dosage\/","title":{"rendered":"Construction de stations de dosage"},"content":{"rendered":"\n<p>Gr\u00e2ce \u00e0 la diversit\u00e9 des composants que nous pouvons utiliser, nous sommes toujours en mesure de nous adapter de mani\u00e8re tr\u00e8s flexible \u00e0 vos souhaits sp\u00e9cifiques. Des mat\u00e9riaux de haute qualit\u00e9 et des produits de fabricants leaders en mati\u00e8re de technologie sont d&rsquo;autres \u00e9l\u00e9ments de notre offre qui garantissent un fonctionnement s\u00fbr et efficace de vos stations de dosage TDL.<\/p>\n\n<p><strong>Notre gamme de services:<\/strong><\/p>\n\n<ul class=\"wp-block-list\"><li><strong>Compactes dans leur design<\/strong>, nos stations de dosage TDL s&rsquo;adaptent parfaitement \u00e0 votre processus et \u00e0 l&rsquo;espace dont vous disposez.<\/li><li>Sur demande, \u00e9galement avec des r\u00e9servoirs, avec ou sans marque de conformit\u00e9, pour l&rsquo;int\u00e9rieur et l&rsquo;ext\u00e9rieur, jusqu&rsquo;\u00e0 une capacit\u00e9 d&rsquo;environ 30.000 l<\/li><li>En fonction de vos besoins, nous pouvons fabriquer des stations de dosage <strong>compl\u00e8tement pr\u00e9mont\u00e9es, tub\u00e9es et c\u00e2bl\u00e9es<\/strong>.<\/li><li>Une fois test\u00e9es, vos solutions de dosage sont pr\u00eates \u00e0 l&#8217;emploi, selon la devise \u00ab\u00a0<strong>Plug &amp; Dose<\/strong>\u00ab\u00a0.<\/li><li>Les stations de dosage TDL sont g\u00e9n\u00e9ralement mont\u00e9es sur des plaques de montage mural ou sur des consoles au sol et sont \u00e9quip\u00e9es, si n\u00e9cessaire, d&rsquo;un bac de r\u00e9cup\u00e9ration et d&rsquo;une protection contre les \u00e9claboussures.<\/li><li>Les <strong>armoires de protection<\/strong> r\u00e9sistantes aux produits chimiques pour une installation \u00e0 l&rsquo;ext\u00e9rieur ou dans un b\u00e2timent font \u00e9galement partie de notre programme.<\/li><\/ul>","protected":false},"excerpt":{"rendered":"<p>Gr\u00e2ce \u00e0 la diversit\u00e9 des composants que nous pouvons utiliser, nous sommes toujours en mesure de nous adapter de mani\u00e8re tr\u00e8s flexible \u00e0 vos souhaits sp\u00e9cifiques. Des mat\u00e9riaux de haute qualit\u00e9 et des produits de fabricants leaders en mati\u00e8re de technologie sont d&rsquo;autres \u00e9l\u00e9ments de notre offre qui garantissent un fonctionnement s\u00fbr et efficace de [&hellip;]<\/p>\n","protected":false},"author":1,"featured_media":0,"parent":1029,"menu_order":40,"comment_status":"closed","ping_status":"closed","template":"","meta":{"inline_featured_image":false,"footnotes":""},"class_list":["post-792","page","type-page","status-publish","hentry"],"acf":[],"_links":{"self":[{"href":"https:\/\/www.tdl-dosiertechnik.de\/fr\/wp-json\/wp\/v2\/pages\/792","targetHints":{"allow":["GET"]}}],"collection":[{"href":"https:\/\/www.tdl-dosiertechnik.de\/fr\/wp-json\/wp\/v2\/pages"}],"about":[{"href":"https:\/\/www.tdl-dosiertechnik.de\/fr\/wp-json\/wp\/v2\/types\/page"}],"author":[{"embeddable":true,"href":"https:\/\/www.tdl-dosiertechnik.de\/fr\/wp-json\/wp\/v2\/users\/1"}],"replies":[{"embeddable":true,"href":"https:\/\/www.tdl-dosiertechnik.de\/fr\/wp-json\/wp\/v2\/comments?post=792"}],"version-history":[{"count":1,"href":"https:\/\/www.tdl-dosiertechnik.de\/fr\/wp-json\/wp\/v2\/pages\/792\/revisions"}],"predecessor-version":[{"id":793,"href":"https:\/\/www.tdl-dosiertechnik.de\/fr\/wp-json\/wp\/v2\/pages\/792\/revisions\/793"}],"up":[{"embeddable":true,"href":"https:\/\/www.tdl-dosiertechnik.de\/fr\/wp-json\/wp\/v2\/pages\/1029"}],"wp:attachment":[{"href":"https:\/\/www.tdl-dosiertechnik.de\/fr\/wp-json\/wp\/v2\/media?parent=792"}],"curies":[{"name":"wp","href":"https:\/\/api.w.org\/{rel}","templated":true}]}}